{"id":16,"date":"2025-08-12T20:27:32","date_gmt":"2025-08-12T18:27:32","guid":{"rendered":"https:\/\/www.flowtechdev.com\/?page_id=16"},"modified":"2025-10-14T09:08:02","modified_gmt":"2025-10-14T07:08:02","slug":"contact","status":"publish","type":"page","link":"https:\/\/www.flowtechdev.com\/index.php\/contact\/","title":{"rendered":"Contact"},"content":{"rendered":"\t\t<div data-elementor-type=\"wp-page\" data-elementor-id=\"16\" class=\"elementor elementor-16\">\n\t\t\t\t<div class=\"elementor-element elementor-element-48b4c32 e-con-full e-flex e-con e-parent\" data-id=\"48b4c32\" data-element_type=\"container\" data-settings=\"{&quot;shape_divider_top&quot;:&quot;mountains&quot;}\">\n\t\t\t\t<div class=\"elementor-shape elementor-shape-top\" aria-hidden=\"true\" data-negative=\"false\">\n\t\t\t<svg xmlns=\"http:\/\/www.w3.org\/2000\/svg\" viewBox=\"0 0 1000 100\" preserveAspectRatio=\"none\">\n\t<path class=\"elementor-shape-fill\" opacity=\"0.33\" d=\"M473,67.3c-203.9,88.3-263.1-34-320.3,0C66,119.1,0,59.7,0,59.7V0h1000v59.7 c0,0-62.1,26.1-94.9,29.3c-32.8,3.3-62.8-12.3-75.8-22.1C806,49.6,745.3,8.7,694.9,4.7S492.4,59,473,67.3z\"\/>\n\t<path class=\"elementor-shape-fill\" opacity=\"0.66\" d=\"M734,67.3c-45.5,0-77.2-23.2-129.1-39.1c-28.6-8.7-150.3-10.1-254,39.1 s-91.7-34.4-149.2,0C115.7,118.3,0,39.8,0,39.8V0h1000v36.5c0,0-28.2-18.5-92.1-18.5C810.2,18.1,775.7,67.3,734,67.3z\"\/>\n\t<path class=\"elementor-shape-fill\" d=\"M766.1,28.9c-200-57.5-266,65.5-395.1,19.5C242,1.8,242,5.4,184.8,20.6C128,35.8,132.3,44.9,89.9,52.5C28.6,63.7,0,0,0,0 h1000c0,0-9.9,40.9-83.6,48.1S829.6,47,766.1,28.9z\"\/>\n<\/svg>\t\t<\/div>\n\t\t\t\t<div class=\"elementor-element elementor-element-896bce3 elementor-widget elementor-widget-spacer\" data-id=\"896bce3\" data-element_type=\"widget\" data-widget_type=\"spacer.default\">\n\t\t\t\t\t\t\t<div class=\"elementor-spacer\">\n\t\t\t<div class=\"elementor-spacer-inner\"><\/div>\n\t\t<\/div>\n\t\t\t\t\t\t<\/div>\n\t\t\t\t<\/div>\n\t\t<div class=\"elementor-element elementor-element-9a1b30d e-con-full e-flex e-con e-parent\" data-id=\"9a1b30d\" data-element_type=\"container\">\n\t\t\t\t<div class=\"elementor-element elementor-element-32b433b elementor-widget elementor-widget-wpforms\" data-id=\"32b433b\" data-element_type=\"widget\" data-widget_type=\"wpforms.default\">\n\t\t\t\t<div class=\"elementor-widget-container\">\n\t\t\t\t\t<div class=\"wpforms-container wpforms-container-full wpforms-render-modern\" id=\"wpforms-261\"><form id=\"wpforms-form-261\" class=\"wpforms-validate wpforms-form wpforms-ajax-form\" data-formid=\"261\" method=\"post\" enctype=\"multipart\/form-data\" action=\"\/index.php\/wp-json\/wp\/v2\/pages\/16\" data-token=\"77feb76b76b54efe98759c9a4cf602b8\" data-token-time=\"1776462854\"><noscript class=\"wpforms-error-noscript\">Veuillez activer JavaScript dans votre navigateur pour remplir ce formulaire.<\/noscript><div id=\"wpforms-error-noscript\" style=\"display: none;\">Veuillez activer JavaScript dans votre navigateur pour remplir ce formulaire.<\/div><div class=\"wpforms-field-container\"><div id=\"wpforms-261-field_1-container\" class=\"wpforms-field wpforms-field-name\" data-field-id=\"1\"><fieldset><legend class=\"wpforms-field-label\">Nom Pr\u00e9nom <span class=\"wpforms-required-label\" aria-hidden=\"true\">*<\/span><\/legend><div class=\"wpforms-field-row wpforms-field-medium\"><div class=\"wpforms-field-row-block wpforms-first wpforms-one-half\"><input type=\"text\" id=\"wpforms-261-field_1\" class=\"wpforms-field-name-first wpforms-field-required\" name=\"wpforms[fields][1][first]\" aria-errormessage=\"wpforms-261-field_1-error\" required><label for=\"wpforms-261-field_1\" class=\"wpforms-field-sublabel after\">Pr\u00e9nom<\/label><\/div><div class=\"wpforms-field-row-block wpforms-one-half\"><input type=\"text\" id=\"wpforms-261-field_1-last\" class=\"wpforms-field-name-last wpforms-field-required\" name=\"wpforms[fields][1][last]\" aria-errormessage=\"wpforms-261-field_1-last-error\" required><label for=\"wpforms-261-field_1-last\" class=\"wpforms-field-sublabel after\">Nom<\/label><\/div><\/div><\/fieldset><\/div>\t\t<div id=\"wpforms-261-field_4-container\"\n\t\t\tclass=\"wpforms-field wpforms-field-text\"\n\t\t\tdata-field-type=\"text\"\n\t\t\tdata-field-id=\"4\"\n\t\t\t>\n\t\t\t<label class=\"wpforms-field-label\" for=\"wpforms-261-field_4\" >message de Nom<\/label>\n\t\t\t<input type=\"text\" id=\"wpforms-261-field_4\" class=\"wpforms-field-medium\" name=\"wpforms[fields][4]\" >\n\t\t<\/div>\n\t\t<div id=\"wpforms-261-field_5-container\" class=\"wpforms-field wpforms-field-text\" data-field-id=\"5\"><label class=\"wpforms-field-label\" for=\"wpforms-261-field_5\">Numeros de t\u00e9l\u00e9phone <span class=\"wpforms-required-label\" aria-hidden=\"true\">*<\/span><\/label><input type=\"text\" id=\"wpforms-261-field_5\" class=\"wpforms-field-medium wpforms-field-required\" name=\"wpforms[fields][5]\" aria-errormessage=\"wpforms-261-field_5-error\" required><\/div><div id=\"wpforms-261-field_2-container\" class=\"wpforms-field wpforms-field-email\" data-field-id=\"2\"><label class=\"wpforms-field-label\" for=\"wpforms-261-field_2\">E-mail <span class=\"wpforms-required-label\" aria-hidden=\"true\">*<\/span><\/label><input type=\"email\" id=\"wpforms-261-field_2\" class=\"wpforms-field-medium wpforms-field-required\" name=\"wpforms[fields][2]\" spellcheck=\"false\" aria-errormessage=\"wpforms-261-field_2-error\" required><\/div><div id=\"wpforms-261-field_3-container\" class=\"wpforms-field wpforms-field-textarea\" data-field-id=\"3\"><label class=\"wpforms-field-label\" for=\"wpforms-261-field_3\">Commentaire ou message<\/label><textarea id=\"wpforms-261-field_3\" class=\"wpforms-field-medium\" name=\"wpforms[fields][3]\" aria-errormessage=\"wpforms-261-field_3-error\" ><\/textarea><\/div><script>\n\t\t\t\t( function() {\n\t\t\t\t\tconst style = document.createElement( 'style' );\n\t\t\t\t\tstyle.appendChild( document.createTextNode( '#wpforms-261-field_4-container { position: absolute !important; overflow: hidden !important; display: inline !important; height: 1px !important; width: 1px !important; z-index: -1000 !important; padding: 0 !important; } #wpforms-261-field_4-container input { visibility: hidden; } #wpforms-conversational-form-page #wpforms-261-field_4-container label { counter-increment: none; }' ) );\n\t\t\t\t\tdocument.head.appendChild( style );\n\t\t\t\t\tdocument.currentScript?.remove();\n\t\t\t\t} )();\n\t\t\t<\/script><\/div><!-- .wpforms-field-container --><div class=\"wpforms-submit-container\" ><input type=\"hidden\" name=\"wpforms[id]\" value=\"261\"><input type=\"hidden\" name=\"page_title\" value=\"\"><input type=\"hidden\" name=\"page_url\" value=\"https:\/\/www.flowtechdev.com\/index.php\/wp-json\/wp\/v2\/pages\/16\"><input type=\"hidden\" name=\"url_referer\" value=\"\"><button type=\"submit\" name=\"wpforms[submit]\" id=\"wpforms-submit-261\" class=\"wpforms-submit\" data-alt-text=\"Envoi...\" data-submit-text=\"Envoyer\" aria-live=\"assertive\" value=\"wpforms-submit\">Envoyer<\/button><img decoding=\"async\" src=\"https:\/\/www.flowtechdev.com\/wp-content\/plugins\/wpforms-lite\/assets\/images\/submit-spin.svg\" class=\"wpforms-submit-spinner\" style=\"display: none;\" width=\"26\" height=\"26\" alt=\"Chargement en cours\"><\/div><\/form><\/div>  <!-- .wpforms-container -->\t\t\t\t<\/div>\n\t\t\t\t<\/div>\n\t\t\t\t<\/div>\n\t\t\t\t<\/div>\n\t\t","protected":false},"excerpt":{"rendered":"<p>Veuillez activer JavaScript dans votre navigateur pour remplir ce formulaire.Veuillez activer JavaScript dans votre navigateur pour remplir ce formulaire. Nom Pr\u00e9nom * Pr\u00e9nomNom Numeros de t\u00e9l\u00e9phone *E-mail *Commentaire ou message Envoyer<\/p>\n","protected":false},"author":1,"featured_media":0,"parent":0,"menu_order":0,"comment_status":"closed","ping_status":"closed","template":"","meta":{"footnotes":""},"class_list":["post-16","page","type-page","status-publish","hentry","entry"],"yoast_head":"<!-- This site is optimized with the Yoast SEO plugin v26.1.1 - https:\/\/yoast.com\/wordpress\/plugins\/seo\/ -->\n<title>Contact - FLOWTECHDEV<\/title>\n<meta name=\"robots\" content=\"index, follow, max-snippet:-1, max-image-preview:large, max-video-preview:-1\" \/>\n<link rel=\"canonical\" href=\"https:\/\/www.flowtechdev.com\/index.php\/contact\/\" \/>\n<meta property=\"og:locale\" content=\"fr_FR\" \/>\n<meta property=\"og:type\" content=\"article\" \/>\n<meta property=\"og:title\" content=\"Contact - FLOWTECHDEV\" \/>\n<meta property=\"og:description\" content=\"Veuillez activer JavaScript dans votre navigateur pour remplir ce formulaire.Veuillez activer JavaScript dans votre navigateur pour remplir ce formulaire. Nom Pr\u00e9nom * Pr\u00e9nomNom Numeros de t\u00e9l\u00e9phone *E-mail *Commentaire ou message Envoyer\" \/>\n<meta property=\"og:url\" content=\"https:\/\/www.flowtechdev.com\/index.php\/contact\/\" \/>\n<meta property=\"og:site_name\" content=\"FLOWTECHDEV\" \/>\n<meta property=\"article:modified_time\" content=\"2025-10-14T07:08:02+00:00\" \/>\n<meta property=\"og:image\" content=\"https:\/\/www.flowtechdev.com\/wp-content\/plugins\/wpforms-lite\/assets\/images\/submit-spin.svg\" \/>\n<meta name=\"twitter:card\" content=\"summary_large_image\" \/>\n<meta name=\"twitter:label1\" content=\"Dur\u00e9e de lecture estim\u00e9e\" \/>\n\t<meta name=\"twitter:data1\" content=\"1 minute\" \/>\n<script type=\"application\/ld+json\" class=\"yoast-schema-graph\">{\"@context\":\"https:\/\/schema.org\",\"@graph\":[{\"@type\":\"WebPage\",\"@id\":\"https:\/\/www.flowtechdev.com\/index.php\/contact\/\",\"url\":\"https:\/\/www.flowtechdev.com\/index.php\/contact\/\",\"name\":\"Contact - FLOWTECHDEV\",\"isPartOf\":{\"@id\":\"https:\/\/www.flowtechdev.com\/#website\"},\"primaryImageOfPage\":{\"@id\":\"https:\/\/www.flowtechdev.com\/index.php\/contact\/#primaryimage\"},\"image\":{\"@id\":\"https:\/\/www.flowtechdev.com\/index.php\/contact\/#primaryimage\"},\"thumbnailUrl\":\"https:\/\/www.flowtechdev.com\/wp-content\/plugins\/wpforms-lite\/assets\/images\/submit-spin.svg\",\"datePublished\":\"2025-08-12T18:27:32+00:00\",\"dateModified\":\"2025-10-14T07:08:02+00:00\",\"breadcrumb\":{\"@id\":\"https:\/\/www.flowtechdev.com\/index.php\/contact\/#breadcrumb\"},\"inLanguage\":\"fr-FR\",\"potentialAction\":[{\"@type\":\"ReadAction\",\"target\":[\"https:\/\/www.flowtechdev.com\/index.php\/contact\/\"]}]},{\"@type\":\"ImageObject\",\"inLanguage\":\"fr-FR\",\"@id\":\"https:\/\/www.flowtechdev.com\/index.php\/contact\/#primaryimage\",\"url\":\"https:\/\/www.flowtechdev.com\/wp-content\/plugins\/wpforms-lite\/assets\/images\/submit-spin.svg\",\"contentUrl\":\"https:\/\/www.flowtechdev.com\/wp-content\/plugins\/wpforms-lite\/assets\/images\/submit-spin.svg\"},{\"@type\":\"BreadcrumbList\",\"@id\":\"https:\/\/www.flowtechdev.com\/index.php\/contact\/#breadcrumb\",\"itemListElement\":[{\"@type\":\"ListItem\",\"position\":1,\"name\":\"Accueil\",\"item\":\"https:\/\/www.flowtechdev.com\/\"},{\"@type\":\"ListItem\",\"position\":2,\"name\":\"Contact\"}]},{\"@type\":\"WebSite\",\"@id\":\"https:\/\/www.flowtechdev.com\/#website\",\"url\":\"https:\/\/www.flowtechdev.com\/\",\"name\":\"FLOWTECHDEV\",\"description\":\"Le web dans toute sa puissance\",\"publisher\":{\"@id\":\"https:\/\/www.flowtechdev.com\/#organization\"},\"potentialAction\":[{\"@type\":\"SearchAction\",\"target\":{\"@type\":\"EntryPoint\",\"urlTemplate\":\"https:\/\/www.flowtechdev.com\/?s={search_term_string}\"},\"query-input\":{\"@type\":\"PropertyValueSpecification\",\"valueRequired\":true,\"valueName\":\"search_term_string\"}}],\"inLanguage\":\"fr-FR\"},{\"@type\":\"Organization\",\"@id\":\"https:\/\/www.flowtechdev.com\/#organization\",\"name\":\"FLOWTECHDEV\",\"url\":\"https:\/\/www.flowtechdev.com\/\",\"logo\":{\"@type\":\"ImageObject\",\"inLanguage\":\"fr-FR\",\"@id\":\"https:\/\/www.flowtechdev.com\/#\/schema\/logo\/image\/\",\"url\":\"https:\/\/www.flowtechdev.com\/wp-content\/uploads\/2025\/08\/logo_resized-e1756238810257.png\",\"contentUrl\":\"https:\/\/www.flowtechdev.com\/wp-content\/uploads\/2025\/08\/logo_resized-e1756238810257.png\",\"width\":459,\"height\":295,\"caption\":\"FLOWTECHDEV\"},\"image\":{\"@id\":\"https:\/\/www.flowtechdev.com\/#\/schema\/logo\/image\/\"}}]}<\/script>\n<!-- \/ Yoast SEO plugin. -->","yoast_head_json":{"title":"Contact - FLOWTECHDEV","robots":{"index":"index","follow":"follow","max-snippet":"max-snippet:-1","max-image-preview":"max-image-preview:large","max-video-preview":"max-video-preview:-1"},"canonical":"https:\/\/www.flowtechdev.com\/index.php\/contact\/","og_locale":"fr_FR","og_type":"article","og_title":"Contact - FLOWTECHDEV","og_description":"Veuillez activer JavaScript dans votre navigateur pour remplir ce formulaire.Veuillez activer JavaScript dans votre navigateur pour remplir ce formulaire. Nom Pr\u00e9nom * Pr\u00e9nomNom Numeros de t\u00e9l\u00e9phone *E-mail *Commentaire ou message Envoyer","og_url":"https:\/\/www.flowtechdev.com\/index.php\/contact\/","og_site_name":"FLOWTECHDEV","article_modified_time":"2025-10-14T07:08:02+00:00","og_image":[{"url":"https:\/\/www.flowtechdev.com\/wp-content\/plugins\/wpforms-lite\/assets\/images\/submit-spin.svg","type":"","width":"","height":""}],"twitter_card":"summary_large_image","twitter_misc":{"Dur\u00e9e de lecture estim\u00e9e":"1 minute"},"schema":{"@context":"https:\/\/schema.org","@graph":[{"@type":"WebPage","@id":"https:\/\/www.flowtechdev.com\/index.php\/contact\/","url":"https:\/\/www.flowtechdev.com\/index.php\/contact\/","name":"Contact - FLOWTECHDEV","isPartOf":{"@id":"https:\/\/www.flowtechdev.com\/#website"},"primaryImageOfPage":{"@id":"https:\/\/www.flowtechdev.com\/index.php\/contact\/#primaryimage"},"image":{"@id":"https:\/\/www.flowtechdev.com\/index.php\/contact\/#primaryimage"},"thumbnailUrl":"https:\/\/www.flowtechdev.com\/wp-content\/plugins\/wpforms-lite\/assets\/images\/submit-spin.svg","datePublished":"2025-08-12T18:27:32+00:00","dateModified":"2025-10-14T07:08:02+00:00","breadcrumb":{"@id":"https:\/\/www.flowtechdev.com\/index.php\/contact\/#breadcrumb"},"inLanguage":"fr-FR","potentialAction":[{"@type":"ReadAction","target":["https:\/\/www.flowtechdev.com\/index.php\/contact\/"]}]},{"@type":"ImageObject","inLanguage":"fr-FR","@id":"https:\/\/www.flowtechdev.com\/index.php\/contact\/#primaryimage","url":"https:\/\/www.flowtechdev.com\/wp-content\/plugins\/wpforms-lite\/assets\/images\/submit-spin.svg","contentUrl":"https:\/\/www.flowtechdev.com\/wp-content\/plugins\/wpforms-lite\/assets\/images\/submit-spin.svg"},{"@type":"BreadcrumbList","@id":"https:\/\/www.flowtechdev.com\/index.php\/contact\/#breadcrumb","itemListElement":[{"@type":"ListItem","position":1,"name":"Accueil","item":"https:\/\/www.flowtechdev.com\/"},{"@type":"ListItem","position":2,"name":"Contact"}]},{"@type":"WebSite","@id":"https:\/\/www.flowtechdev.com\/#website","url":"https:\/\/www.flowtechdev.com\/","name":"FLOWTECHDEV","description":"Le web dans toute sa puissance","publisher":{"@id":"https:\/\/www.flowtechdev.com\/#organization"},"potentialAction":[{"@type":"SearchAction","target":{"@type":"EntryPoint","urlTemplate":"https:\/\/www.flowtechdev.com\/?s={search_term_string}"},"query-input":{"@type":"PropertyValueSpecification","valueRequired":true,"valueName":"search_term_string"}}],"inLanguage":"fr-FR"},{"@type":"Organization","@id":"https:\/\/www.flowtechdev.com\/#organization","name":"FLOWTECHDEV","url":"https:\/\/www.flowtechdev.com\/","logo":{"@type":"ImageObject","inLanguage":"fr-FR","@id":"https:\/\/www.flowtechdev.com\/#\/schema\/logo\/image\/","url":"https:\/\/www.flowtechdev.com\/wp-content\/uploads\/2025\/08\/logo_resized-e1756238810257.png","contentUrl":"https:\/\/www.flowtechdev.com\/wp-content\/uploads\/2025\/08\/logo_resized-e1756238810257.png","width":459,"height":295,"caption":"FLOWTECHDEV"},"image":{"@id":"https:\/\/www.flowtechdev.com\/#\/schema\/logo\/image\/"}}]}},"_links":{"self":[{"href":"https:\/\/www.flowtechdev.com\/index.php\/wp-json\/wp\/v2\/pages\/16","targetHints":{"allow":["GET"]}}],"collection":[{"href":"https:\/\/www.flowtechdev.com\/index.php\/wp-json\/wp\/v2\/pages"}],"about":[{"href":"https:\/\/www.flowtechdev.com\/index.php\/wp-json\/wp\/v2\/types\/page"}],"author":[{"embeddable":true,"href":"https:\/\/www.flowtechdev.com\/index.php\/wp-json\/wp\/v2\/users\/1"}],"replies":[{"embeddable":true,"href":"https:\/\/www.flowtechdev.com\/index.php\/wp-json\/wp\/v2\/comments?post=16"}],"version-history":[{"count":7,"href":"https:\/\/www.flowtechdev.com\/index.php\/wp-json\/wp\/v2\/pages\/16\/revisions"}],"predecessor-version":[{"id":269,"href":"https:\/\/www.flowtechdev.com\/index.php\/wp-json\/wp\/v2\/pages\/16\/revisions\/269"}],"wp:attachment":[{"href":"https:\/\/www.flowtechdev.com\/index.php\/wp-json\/wp\/v2\/media?parent=16"}],"curies":[{"name":"wp","href":"https:\/\/api.w.org\/{rel}","templated":true}]}}