{"id":12,"date":"2025-08-12T20:27:00","date_gmt":"2025-08-12T18:27:00","guid":{"rendered":"https:\/\/www.flowtechdev.com\/?page_id=12"},"modified":"2025-08-26T21:48:57","modified_gmt":"2025-08-26T19:48:57","slug":"presentation","status":"publish","type":"page","link":"https:\/\/www.flowtechdev.com\/index.php\/acceuil\/presentation\/","title":{"rendered":"Pr\u00e9sentation"},"content":{"rendered":"\t\t<div data-elementor-type=\"wp-page\" data-elementor-id=\"12\" class=\"elementor elementor-12\">\n\t\t\t\t<div class=\"elementor-element elementor-element-d70d2d7 e-con-full e-flex e-con e-parent\" data-id=\"d70d2d7\" data-element_type=\"container\" data-settings=\"{&quot;shape_divider_top&quot;:&quot;mountains&quot;}\">\n\t\t\t\t<div class=\"elementor-shape elementor-shape-top\" aria-hidden=\"true\" data-negative=\"false\">\n\t\t\t<svg xmlns=\"http:\/\/www.w3.org\/2000\/svg\" viewBox=\"0 0 1000 100\" preserveAspectRatio=\"none\">\n\t<path class=\"elementor-shape-fill\" opacity=\"0.33\" d=\"M473,67.3c-203.9,88.3-263.1-34-320.3,0C66,119.1,0,59.7,0,59.7V0h1000v59.7 c0,0-62.1,26.1-94.9,29.3c-32.8,3.3-62.8-12.3-75.8-22.1C806,49.6,745.3,8.7,694.9,4.7S492.4,59,473,67.3z\"\/>\n\t<path class=\"elementor-shape-fill\" opacity=\"0.66\" d=\"M734,67.3c-45.5,0-77.2-23.2-129.1-39.1c-28.6-8.7-150.3-10.1-254,39.1 s-91.7-34.4-149.2,0C115.7,118.3,0,39.8,0,39.8V0h1000v36.5c0,0-28.2-18.5-92.1-18.5C810.2,18.1,775.7,67.3,734,67.3z\"\/>\n\t<path class=\"elementor-shape-fill\" d=\"M766.1,28.9c-200-57.5-266,65.5-395.1,19.5C242,1.8,242,5.4,184.8,20.6C128,35.8,132.3,44.9,89.9,52.5C28.6,63.7,0,0,0,0 h1000c0,0-9.9,40.9-83.6,48.1S829.6,47,766.1,28.9z\"\/>\n<\/svg>\t\t<\/div>\n\t\t\t\t<div class=\"elementor-element elementor-element-0d750a9 elementor-widget elementor-widget-spacer\" data-id=\"0d750a9\" data-element_type=\"widget\" data-widget_type=\"spacer.default\">\n\t\t\t\t\t\t\t<div class=\"elementor-spacer\">\n\t\t\t<div class=\"elementor-spacer-inner\"><\/div>\n\t\t<\/div>\n\t\t\t\t\t\t<\/div>\n\t\t\t\t<\/div>\n\t\t<div class=\"elementor-element elementor-element-c6e0505 e-con-full e-flex e-con e-parent\" data-id=\"c6e0505\" data-element_type=\"container\">\n\t\t\t\t<div class=\"elementor-element elementor-element-2ececad elementor-widget elementor-widget-heading\" data-id=\"2ececad\" data-element_type=\"widget\" data-widget_type=\"heading.default\">\n\t\t\t\t\t<h2 class=\"elementor-heading-title elementor-size-default\">Bienvenue chez FLOWTECHDEV<\/h2>\t\t\t\t<\/div>\n\t\t\t\t<div class=\"elementor-element elementor-element-7a31c59 elementor-widget-divider--view-line elementor-widget elementor-widget-divider\" data-id=\"7a31c59\" data-element_type=\"widget\" data-widget_type=\"divider.default\">\n\t\t\t\t\t\t\t<div class=\"elementor-divider\">\n\t\t\t<span class=\"elementor-divider-separator\">\n\t\t\t\t\t\t<\/span>\n\t\t<\/div>\n\t\t\t\t\t\t<\/div>\n\t\t\t\t<\/div>\n\t\t<div class=\"elementor-element elementor-element-9c757ac e-con-full e-flex e-con e-parent\" data-id=\"9c757ac\" data-element_type=\"container\">\n\t\t\t\t<div class=\"elementor-element elementor-element-33d45b9 elementor-widget elementor-widget-text-editor\" data-id=\"33d45b9\" data-element_type=\"widget\" data-widget_type=\"text-editor.default\">\n\t\t\t\t\t\t\t\t\t<p data-start=\"250\" data-end=\"398\">Notre mission est simple : aider les PME et les Auto-entrepreneur \u00e0 augmenter ca visibilit\u00e9 gr\u00e2ce \u00e0 a un site vitrine rapide et optimiser .<\/p><p data-start=\"400\" data-end=\"738\">\u00a0<\/p>\t\t\t\t\t\t\t\t<\/div>\n\t\t\t\t<\/div>\n\t\t<div class=\"elementor-element elementor-element-9ff1106 e-con-full e-flex e-con e-parent\" data-id=\"9ff1106\" data-element_type=\"container\">\n\t\t\t\t<div class=\"elementor-element elementor-element-59d168b elementor-widget elementor-widget-text-editor\" data-id=\"59d168b\" data-element_type=\"widget\" data-widget_type=\"text-editor.default\">\n\t\t\t\t\t\t\t\t\t<p>Cr\u00e9\u00e9 en 2025, FLOWTECHDEV est n\u00e9 de la passion pour&nbsp; l&rsquo;informatique&nbsp; et du d\u00e9sir d\u2019apporter des solutions concr\u00e8tes et accessibles. Nous croyons que l&rsquo;\u00e9coute ,l\u2019innovation, la transparence, la proximit\u00e9 est la meilleure fa\u00e7on de b\u00e2tir une relation de confiance avec nos visiteurs et nos clients.<\/p>\t\t\t\t\t\t\t\t<\/div>\n\t\t\t\t<\/div>\n\t\t<div class=\"elementor-element elementor-element-98b8d1f e-con-full e-flex e-con e-parent\" data-id=\"98b8d1f\" data-element_type=\"container\">\n\t\t\t\t<div class=\"elementor-element elementor-element-a296aea elementor-widget elementor-widget-text-editor\" data-id=\"a296aea\" data-element_type=\"widget\" data-widget_type=\"text-editor.default\">\n\t\t\t\t\t\t\t\t\t<p>Que vous soyez ind\u00e9pendant\u00a0 ou une entreprise , vous trouverez ici des service de creation clef en main (creation de site vitrine ou blog optimiser ) ou de maintenance , s\u00e9curit\u00e9, et SEO pens\u00e9s pour vous simplifier la vie.<\/p>\t\t\t\t\t\t\t\t<\/div>\n\t\t\t\t<\/div>\n\t\t<div class=\"elementor-element elementor-element-701d4f0 e-con-full e-flex e-con e-parent\" data-id=\"701d4f0\" data-element_type=\"container\">\n\t\t\t\t<div class=\"elementor-element elementor-element-7e97a35 elementor-widget elementor-widget-text-editor\" data-id=\"7e97a35\" data-element_type=\"widget\" data-widget_type=\"text-editor.default\">\n\t\t\t\t\t\t\t\t\t<p data-start=\"1094\" data-end=\"1232\">D\u00e9couvrez nos service ou contactez-nous directement, nous serons ravis d\u2019\u00e9changer avec vous.<\/p>\t\t\t\t\t\t\t\t<\/div>\n\t\t\t\t<\/div>\n\t\t<div class=\"elementor-element elementor-element-da339a2 e-flex e-con-boxed e-con e-parent\" data-id=\"da339a2\" data-element_type=\"container\">\n\t\t\t\t\t<div class=\"e-con-inner\">\n\t\t\t\t<div class=\"elementor-element elementor-element-ce9da72 elementor-align-center elementor-widget elementor-widget-button\" data-id=\"ce9da72\" data-element_type=\"widget\" data-widget_type=\"button.default\">\n\t\t\t\t\t\t\t\t\t\t<a class=\"elementor-button elementor-button-link elementor-size-sm\" href=\"#\">\n\t\t\t\t\t\t<span class=\"elementor-button-content-wrapper\">\n\t\t\t\t\t\t\t\t\t<span class=\"elementor-button-text\">Contactez nous <\/span>\n\t\t\t\t\t<\/span>\n\t\t\t\t\t<\/a>\n\t\t\t\t\t\t\t\t<\/div>\n\t\t\t\t\t<\/div>\n\t\t\t\t<\/div>\n\t\t<div class=\"elementor-element elementor-element-7fdc4cb e-con-full e-flex e-con e-parent\" data-id=\"7fdc4cb\" data-element_type=\"container\" data-settings=\"{&quot;shape_divider_bottom&quot;:&quot;mountains&quot;}\">\n\t\t\t\t<div class=\"elementor-shape elementor-shape-bottom\" aria-hidden=\"true\" data-negative=\"false\">\n\t\t\t<svg xmlns=\"http:\/\/www.w3.org\/2000\/svg\" viewBox=\"0 0 1000 100\" preserveAspectRatio=\"none\">\n\t<path class=\"elementor-shape-fill\" opacity=\"0.33\" d=\"M473,67.3c-203.9,88.3-263.1-34-320.3,0C66,119.1,0,59.7,0,59.7V0h1000v59.7 c0,0-62.1,26.1-94.9,29.3c-32.8,3.3-62.8-12.3-75.8-22.1C806,49.6,745.3,8.7,694.9,4.7S492.4,59,473,67.3z\"\/>\n\t<path class=\"elementor-shape-fill\" opacity=\"0.66\" d=\"M734,67.3c-45.5,0-77.2-23.2-129.1-39.1c-28.6-8.7-150.3-10.1-254,39.1 s-91.7-34.4-149.2,0C115.7,118.3,0,39.8,0,39.8V0h1000v36.5c0,0-28.2-18.5-92.1-18.5C810.2,18.1,775.7,67.3,734,67.3z\"\/>\n\t<path class=\"elementor-shape-fill\" d=\"M766.1,28.9c-200-57.5-266,65.5-395.1,19.5C242,1.8,242,5.4,184.8,20.6C128,35.8,132.3,44.9,89.9,52.5C28.6,63.7,0,0,0,0 h1000c0,0-9.9,40.9-83.6,48.1S829.6,47,766.1,28.9z\"\/>\n<\/svg>\t\t<\/div>\n\t\t\t\t<div class=\"elementor-element elementor-element-7e8f28c elementor-widget elementor-widget-spacer\" data-id=\"7e8f28c\" data-element_type=\"widget\" data-widget_type=\"spacer.default\">\n\t\t\t\t\t\t\t<div class=\"elementor-spacer\">\n\t\t\t<div class=\"elementor-spacer-inner\"><\/div>\n\t\t<\/div>\n\t\t\t\t\t\t<\/div>\n\t\t\t\t<\/div>\n\t\t\t\t<\/div>\n\t\t","protected":false},"excerpt":{"rendered":"<p>Bienvenue chez FLOWTECHDEV Notre mission est simple : aider les PME et les Auto-entrepreneur \u00e0 augmenter ca visibilit\u00e9 gr\u00e2ce \u00e0 a un site vitrine rapide et optimiser . \u00a0 Cr\u00e9\u00e9 en 2025, FLOWTECHDEV est n\u00e9 de la passion pour&nbsp; l&rsquo;informatique&nbsp; et du d\u00e9sir d\u2019apporter des solutions concr\u00e8tes et accessibles. Nous croyons que l&rsquo;\u00e9coute ,l\u2019innovation, la [&hellip;]<\/p>\n","protected":false},"author":1,"featured_media":0,"parent":10,"menu_order":0,"comment_status":"closed","ping_status":"closed","template":"","meta":{"footnotes":""},"class_list":["post-12","page","type-page","status-publish","hentry","entry"],"yoast_head":"<!-- This site is optimized with the Yoast SEO plugin v26.1.1 - https:\/\/yoast.com\/wordpress\/plugins\/seo\/ -->\n<title>Pr\u00e9sentation - FLOWTECHDEV<\/title>\n<meta name=\"robots\" content=\"index, follow, max-snippet:-1, max-image-preview:large, max-video-preview:-1\" \/>\n<link rel=\"canonical\" href=\"https:\/\/www.flowtechdev.com\/index.php\/acceuil\/presentation\/\" \/>\n<meta property=\"og:locale\" content=\"fr_FR\" \/>\n<meta property=\"og:type\" content=\"article\" \/>\n<meta property=\"og:title\" content=\"Pr\u00e9sentation - FLOWTECHDEV\" \/>\n<meta property=\"og:description\" content=\"Bienvenue chez FLOWTECHDEV Notre mission est simple : aider les PME et les Auto-entrepreneur \u00e0 augmenter ca visibilit\u00e9 gr\u00e2ce \u00e0 a un site vitrine rapide et optimiser . \u00a0 Cr\u00e9\u00e9 en 2025, FLOWTECHDEV est n\u00e9 de la passion pour&nbsp; l&rsquo;informatique&nbsp; et du d\u00e9sir d\u2019apporter des solutions concr\u00e8tes et accessibles. Nous croyons que l&rsquo;\u00e9coute ,l\u2019innovation, la [&hellip;]\" \/>\n<meta property=\"og:url\" content=\"https:\/\/www.flowtechdev.com\/index.php\/acceuil\/presentation\/\" \/>\n<meta property=\"og:site_name\" content=\"FLOWTECHDEV\" \/>\n<meta property=\"article:modified_time\" content=\"2025-08-26T19:48:57+00:00\" \/>\n<meta name=\"twitter:card\" content=\"summary_large_image\" \/>\n<meta name=\"twitter:label1\" content=\"Dur\u00e9e de lecture estim\u00e9e\" \/>\n\t<meta name=\"twitter:data1\" content=\"1 minute\" \/>\n<script type=\"application\/ld+json\" class=\"yoast-schema-graph\">{\"@context\":\"https:\/\/schema.org\",\"@graph\":[{\"@type\":\"WebPage\",\"@id\":\"https:\/\/www.flowtechdev.com\/index.php\/acceuil\/presentation\/\",\"url\":\"https:\/\/www.flowtechdev.com\/index.php\/acceuil\/presentation\/\",\"name\":\"Pr\u00e9sentation - FLOWTECHDEV\",\"isPartOf\":{\"@id\":\"https:\/\/www.flowtechdev.com\/#website\"},\"datePublished\":\"2025-08-12T18:27:00+00:00\",\"dateModified\":\"2025-08-26T19:48:57+00:00\",\"breadcrumb\":{\"@id\":\"https:\/\/www.flowtechdev.com\/index.php\/acceuil\/presentation\/#breadcrumb\"},\"inLanguage\":\"fr-FR\",\"potentialAction\":[{\"@type\":\"ReadAction\",\"target\":[\"https:\/\/www.flowtechdev.com\/index.php\/acceuil\/presentation\/\"]}]},{\"@type\":\"BreadcrumbList\",\"@id\":\"https:\/\/www.flowtechdev.com\/index.php\/acceuil\/presentation\/#breadcrumb\",\"itemListElement\":[{\"@type\":\"ListItem\",\"position\":1,\"name\":\"Accueil\",\"item\":\"https:\/\/www.flowtechdev.com\/\"},{\"@type\":\"ListItem\",\"position\":2,\"name\":\"Accueil\",\"item\":\"https:\/\/www.flowtechdev.com\/\"},{\"@type\":\"ListItem\",\"position\":3,\"name\":\"Pr\u00e9sentation\"}]},{\"@type\":\"WebSite\",\"@id\":\"https:\/\/www.flowtechdev.com\/#website\",\"url\":\"https:\/\/www.flowtechdev.com\/\",\"name\":\"FLOWTECHDEV\",\"description\":\"Le web dans toute sa puissance\",\"publisher\":{\"@id\":\"https:\/\/www.flowtechdev.com\/#organization\"},\"potentialAction\":[{\"@type\":\"SearchAction\",\"target\":{\"@type\":\"EntryPoint\",\"urlTemplate\":\"https:\/\/www.flowtechdev.com\/?s={search_term_string}\"},\"query-input\":{\"@type\":\"PropertyValueSpecification\",\"valueRequired\":true,\"valueName\":\"search_term_string\"}}],\"inLanguage\":\"fr-FR\"},{\"@type\":\"Organization\",\"@id\":\"https:\/\/www.flowtechdev.com\/#organization\",\"name\":\"FLOWTECHDEV\",\"url\":\"https:\/\/www.flowtechdev.com\/\",\"logo\":{\"@type\":\"ImageObject\",\"inLanguage\":\"fr-FR\",\"@id\":\"https:\/\/www.flowtechdev.com\/#\/schema\/logo\/image\/\",\"url\":\"https:\/\/www.flowtechdev.com\/wp-content\/uploads\/2025\/08\/logo_resized-e1756238810257.png\",\"contentUrl\":\"https:\/\/www.flowtechdev.com\/wp-content\/uploads\/2025\/08\/logo_resized-e1756238810257.png\",\"width\":459,\"height\":295,\"caption\":\"FLOWTECHDEV\"},\"image\":{\"@id\":\"https:\/\/www.flowtechdev.com\/#\/schema\/logo\/image\/\"}}]}<\/script>\n<!-- \/ Yoast SEO plugin. -->","yoast_head_json":{"title":"Pr\u00e9sentation - FLOWTECHDEV","robots":{"index":"index","follow":"follow","max-snippet":"max-snippet:-1","max-image-preview":"max-image-preview:large","max-video-preview":"max-video-preview:-1"},"canonical":"https:\/\/www.flowtechdev.com\/index.php\/acceuil\/presentation\/","og_locale":"fr_FR","og_type":"article","og_title":"Pr\u00e9sentation - FLOWTECHDEV","og_description":"Bienvenue chez FLOWTECHDEV Notre mission est simple : aider les PME et les Auto-entrepreneur \u00e0 augmenter ca visibilit\u00e9 gr\u00e2ce \u00e0 a un site vitrine rapide et optimiser . \u00a0 Cr\u00e9\u00e9 en 2025, FLOWTECHDEV est n\u00e9 de la passion pour&nbsp; l&rsquo;informatique&nbsp; et du d\u00e9sir d\u2019apporter des solutions concr\u00e8tes et accessibles. Nous croyons que l&rsquo;\u00e9coute ,l\u2019innovation, la [&hellip;]","og_url":"https:\/\/www.flowtechdev.com\/index.php\/acceuil\/presentation\/","og_site_name":"FLOWTECHDEV","article_modified_time":"2025-08-26T19:48:57+00:00","twitter_card":"summary_large_image","twitter_misc":{"Dur\u00e9e de lecture estim\u00e9e":"1 minute"},"schema":{"@context":"https:\/\/schema.org","@graph":[{"@type":"WebPage","@id":"https:\/\/www.flowtechdev.com\/index.php\/acceuil\/presentation\/","url":"https:\/\/www.flowtechdev.com\/index.php\/acceuil\/presentation\/","name":"Pr\u00e9sentation - FLOWTECHDEV","isPartOf":{"@id":"https:\/\/www.flowtechdev.com\/#website"},"datePublished":"2025-08-12T18:27:00+00:00","dateModified":"2025-08-26T19:48:57+00:00","breadcrumb":{"@id":"https:\/\/www.flowtechdev.com\/index.php\/acceuil\/presentation\/#breadcrumb"},"inLanguage":"fr-FR","potentialAction":[{"@type":"ReadAction","target":["https:\/\/www.flowtechdev.com\/index.php\/acceuil\/presentation\/"]}]},{"@type":"BreadcrumbList","@id":"https:\/\/www.flowtechdev.com\/index.php\/acceuil\/presentation\/#breadcrumb","itemListElement":[{"@type":"ListItem","position":1,"name":"Accueil","item":"https:\/\/www.flowtechdev.com\/"},{"@type":"ListItem","position":2,"name":"Accueil","item":"https:\/\/www.flowtechdev.com\/"},{"@type":"ListItem","position":3,"name":"Pr\u00e9sentation"}]},{"@type":"WebSite","@id":"https:\/\/www.flowtechdev.com\/#website","url":"https:\/\/www.flowtechdev.com\/","name":"FLOWTECHDEV","description":"Le web dans toute sa puissance","publisher":{"@id":"https:\/\/www.flowtechdev.com\/#organization"},"potentialAction":[{"@type":"SearchAction","target":{"@type":"EntryPoint","urlTemplate":"https:\/\/www.flowtechdev.com\/?s={search_term_string}"},"query-input":{"@type":"PropertyValueSpecification","valueRequired":true,"valueName":"search_term_string"}}],"inLanguage":"fr-FR"},{"@type":"Organization","@id":"https:\/\/www.flowtechdev.com\/#organization","name":"FLOWTECHDEV","url":"https:\/\/www.flowtechdev.com\/","logo":{"@type":"ImageObject","inLanguage":"fr-FR","@id":"https:\/\/www.flowtechdev.com\/#\/schema\/logo\/image\/","url":"https:\/\/www.flowtechdev.com\/wp-content\/uploads\/2025\/08\/logo_resized-e1756238810257.png","contentUrl":"https:\/\/www.flowtechdev.com\/wp-content\/uploads\/2025\/08\/logo_resized-e1756238810257.png","width":459,"height":295,"caption":"FLOWTECHDEV"},"image":{"@id":"https:\/\/www.flowtechdev.com\/#\/schema\/logo\/image\/"}}]}},"_links":{"self":[{"href":"https:\/\/www.flowtechdev.com\/index.php\/wp-json\/wp\/v2\/pages\/12","targetHints":{"allow":["GET"]}}],"collection":[{"href":"https:\/\/www.flowtechdev.com\/index.php\/wp-json\/wp\/v2\/pages"}],"about":[{"href":"https:\/\/www.flowtechdev.com\/index.php\/wp-json\/wp\/v2\/types\/page"}],"author":[{"embeddable":true,"href":"https:\/\/www.flowtechdev.com\/index.php\/wp-json\/wp\/v2\/users\/1"}],"replies":[{"embeddable":true,"href":"https:\/\/www.flowtechdev.com\/index.php\/wp-json\/wp\/v2\/comments?post=12"}],"version-history":[{"count":14,"href":"https:\/\/www.flowtechdev.com\/index.php\/wp-json\/wp\/v2\/pages\/12\/revisions"}],"predecessor-version":[{"id":206,"href":"https:\/\/www.flowtechdev.com\/index.php\/wp-json\/wp\/v2\/pages\/12\/revisions\/206"}],"up":[{"embeddable":true,"href":"https:\/\/www.flowtechdev.com\/index.php\/wp-json\/wp\/v2\/pages\/10"}],"wp:attachment":[{"href":"https:\/\/www.flowtechdev.com\/index.php\/wp-json\/wp\/v2\/media?parent=12"}],"curies":[{"name":"wp","href":"https:\/\/api.w.org\/{rel}","templated":true}]}}